{"id":33,"date":"2024-06-05T19:46:51","date_gmt":"2024-06-05T19:46:51","guid":{"rendered":"https:\/\/thewayprevention.com\/?page_id=33"},"modified":"2024-06-06T00:02:05","modified_gmt":"2024-06-06T00:02:05","slug":"faqs","status":"publish","type":"page","link":"https:\/\/thewayprevention.com\/es\/faqs\/","title":{"rendered":"Preguntas Frecuentes"},"content":{"rendered":"<p>Hemos preparado una lista de preguntas frecuentes para disipar cualquiera de sus dudas respecto a nuestros servicios y recibir terapia en <strong><em>The Way Prevention &#038; Treatment Center<\/em><\/strong>. Por favor, d\u00e9jenos saber si le gustar\u00eda que complementemos esta informaci\u00f3n con recursos adicionales.<\/p>\n\n\n\n<h3 class=\"wp-block-heading\">Nunca he hablado con nadie. Acostumbro resolver mis asuntos por m\u00ed mismo. \u00bfNo es d\u00e9bil la gente que recibe terapia?<\/h3>\n\n\n\n<p>Para nada. La gente que pide ayuda sabe cuando la necesita y tiene el valor de solicitarla. Todos necesitamos ayuda de vez en cuando. Durante nuestro trabajo conjunto, le ayudaremos a identificar sus fortalezas y c\u00f3mo implementarlas para reducir la influencia que los problemas que enfrenta tiene sobre usted.<\/p>\n\n\n\n<h3 class=\"wp-block-heading\">\u00bfQu\u00e9 diferencia hay entre hablar con un profesional y hablar con mi mejor amigo o miembro de la familia?<\/h3>\n\n\n\n<p>La diferencia radica entre alguien que sabe hacer algo, y alguien que tiene el entrenamiento y la experiencia profesional para ayudarle al respecto. Un profesional de la salud mental puede ayudarle a afrontar su situaci\u00f3n de maneras nuevas\u2013 ense\u00f1\u00e1ndole nuevas habilidades, ganar diferentes perspectivas, escucharle sin juicios o expectativas, y ayudarle a que usted se escuche a s\u00ed mismo. Es m\u00e1s, toda consejer\u00eda es completamente confidencial. No tendr\u00e1 que preocuparse pensando que otros van a \u00abconocer sus asuntos\u00bb. Finalmente, si su situaci\u00f3n le provoca muchas emociones negativas, y ha estado usando a su mejor amiga o miembro de la familia como su confidente, siempre existe el riesgo de que apenas se sienta mejor usted comience a evitar a esa persona para no recordar las dificultades por las cuales atraves\u00f3 cuando le vea.<\/p>\n\n\n\n<h3 class=\"wp-block-heading\">\u00bfPor qu\u00e9 no basta con solo tomar mis medicinas?<\/h3>\n\n\n\n<p>Las medicinas pueden ser efectivas pero no pueden resolver todos los problemas por s\u00ed mismas. A veces es necesario complementar las medicinas con sesiones de consejer\u00eda. Nuestro trabajo integral est\u00e1 dise\u00f1ado para colaborar con usted para explorar y desenvolver los problemas que experimenta y expandir sus fortalezas para ayudarle a alcanzar sus metas personales.<\/p>\n\n\n\n<h3 class=\"wp-block-heading\">\u00bfC\u00f3mo funciona? \u00bfQu\u00e9 se espera que debo hacer durante las sesiones?<\/h3>\n\n\n\n<p>Dado que cada persona es distinta y tiene distintos problemas y metas con la consejer\u00eda, el modelo y las expectativas son diferentes para cada individuo. Nosotros ajustamos nuestra labor terape\u00fatica para personalizarla de acuerdo a sus necesidades espec\u00edficas.<\/p>\n\n\n\n<h3 class=\"wp-block-heading\">\u00bfCu\u00e1nto tiempo dura?<\/h3>\n\n\n\n<p>Desafortunadamente, no es posible responder esta pregunta en esta secci\u00f3n de preguntas y respuestas generales. Las circunstancias de cada persona son \u00fanicas para cada una y el tiempo de duraci\u00f3n que la consejer\u00eda puede tomar para permitirle alcanzar sus metas depender\u00e1 de su deseo de desarrollo personal, su compromiso y otros factores que le llevaron a buscar consejer\u00eda.<\/p>\n\n\n\n<h3 class=\"wp-block-heading\">\u00bfQu\u00e9 puedo hacer para aprovechar mi terapia al m\u00e1ximo?<\/h3>\n\n\n\n<p>Nos complace mucho saber de su dedicaci\u00f3n y deseo de aprovechar al m\u00e1ximo sus sesiones de terapia. Su participaci\u00f3n activa y perseverancia ser\u00e1n cruciales en el desarrollo de su \u00e9xito.<\/p>\n\n\n\n<div style=\"height:80px\" aria-hidden=\"true\" class=\"wp-block-spacer\"><\/div>\n\n\n\n<div class=\"wp-block-buttons is-content-justification-center is-layout-flex wp-container-core-buttons-is-layout-16018d1d wp-block-buttons-is-layout-flex\">\n<div class=\"wp-block-button has-custom-width wp-block-button__width-50 is-style-fill\"><a class=\"wp-block-button__link has-white-color has-text-color has-background has-link-color wp-element-button\" href=\"https:\/\/thewayprevention.com\/es\/contact\/\" style=\"border-radius:20px;background:linear-gradient(135deg,rgb(0,101,159) 0%,rgb(140,198,63) 100%)\"><strong>Cont\u00e1ctenos<\/strong><\/a><\/div>\n<\/div>","protected":false},"excerpt":{"rendered":"<p>Hemos preparado una lista de preguntas frecuentes para disipar cualquiera de sus dudas respecto a nuestros servicios y recibir terapia en The Way Prevention &#038; Treatment Center. Por favor, d\u00e9jenos saber si le gustar\u00eda que complementemos esta informaci\u00f3n con recursos adicionales. Nunca he hablado con nadie. Acostumbro resolver mis asuntos por m\u00ed mismo. \u00bfNo es &hellip;<\/p>\n","protected":false},"author":1,"featured_media":0,"parent":0,"menu_order":0,"comment_status":"closed","ping_status":"closed","template":"","meta":{"_monsterinsights_skip_tracking":false,"_monsterinsights_sitenote_active":false,"_monsterinsights_sitenote_note":"","_monsterinsights_sitenote_category":0,"footnotes":""},"class_list":["post-33","page","type-page","status-publish","hentry","grid-sizer"],"aioseo_notices":[],"_links":{"self":[{"href":"https:\/\/thewayprevention.com\/es\/wp-json\/wp\/v2\/pages\/33","targetHints":{"allow":["GET"]}}],"collection":[{"href":"https:\/\/thewayprevention.com\/es\/wp-json\/wp\/v2\/pages"}],"about":[{"href":"https:\/\/thewayprevention.com\/es\/wp-json\/wp\/v2\/types\/page"}],"author":[{"embeddable":true,"href":"https:\/\/thewayprevention.com\/es\/wp-json\/wp\/v2\/users\/1"}],"replies":[{"embeddable":true,"href":"https:\/\/thewayprevention.com\/es\/wp-json\/wp\/v2\/comments?post=33"}],"version-history":[{"count":10,"href":"https:\/\/thewayprevention.com\/es\/wp-json\/wp\/v2\/pages\/33\/revisions"}],"predecessor-version":[{"id":138,"href":"https:\/\/thewayprevention.com\/es\/wp-json\/wp\/v2\/pages\/33\/revisions\/138"}],"wp:attachment":[{"href":"https:\/\/thewayprevention.com\/es\/wp-json\/wp\/v2\/media?parent=33"}],"curies":[{"name":"wp","href":"https:\/\/api.w.org\/{rel}","templated":true}]}}