{"id":31,"date":"2024-06-05T19:46:23","date_gmt":"2024-06-05T19:46:23","guid":{"rendered":"https:\/\/thewayprevention.com\/?page_id=31"},"modified":"2024-06-06T00:01:16","modified_gmt":"2024-06-06T00:01:16","slug":"client-forms","status":"publish","type":"page","link":"https:\/\/thewayprevention.com\/es\/client-forms\/","title":{"rendered":"Formularios"},"content":{"rendered":"<p>Si usted es un cliente nuevo, por favor llene estos formularios de iniciaci\u00f3n antes de nuestra primera sesi\u00f3n. Tambi\u00e9n podr\u00e1 llenar estos formularios durante su primera visita a nuestros centros.<\/p>\n\n\n\n<ul class=\"wp-block-list\">\n<li>Consentimiento para recibir tratamiento y l\u00edmite de responsabilidad<\/li>\n\n\n\n<li>Consentimiento para tratar a un menor de edad<\/li>\n\n\n\n<li>Consentimiento para recibir teleterapia<\/li>\n\n\n\n<li>Nota de nuestras pr\u00e1cticas de privacidad<\/li>\n<\/ul>\n\n\n\n<h2 class=\"wp-block-heading\">Estimado en buena fe<\/h2>\n\n\n\n<p>Usted tiene el derecho de recibir un \u00abEstimado en buena fe\u00bb explicando cu\u00e1nto le costar\u00e1 el tratamiento de salud mental.<\/p>\n\n\n\n<p>Bajo la ley, como proveedor de salud, <em><strong>The Way Prevention &#038; Treatment Center<\/strong><\/em> debe dar a sus clientes carentes de aseguranza o a quienes no quisieran utilizar aseguranza, un estimado de los costos que pueden esperar para recibir servicios de psicoterapia.<\/p>\n\n\n\n<p>Tiene el derecho de recibir un \u00abEstimado en buena fe\u00bb por el total de todos los costos esperados por los servicios de salud mental a recibir, incluyendo servicios de psicoterapia, pero excluyendo intervenciones de emergencia.<\/p>\n\n\n\n<p>Puede solicitar a su proveedor de servicios de salud mental, y a cualquier otro proveedor que usted escoja, un \u00abEstimado en buena fe\u00bb antes de solicitar una cita para recibir los servicios.<\/p>\n\n\n\n<p>Si usted recibe una factura de al menos $400 por encima de lo previsto en su \u00abEstimado en buena fe\u00bb, usted tiene el derecho de disputar dicha factura. Aseg\u00farese de tener una copia o de tomarle una foto a su \u00abEstimado de buena fe\u00bb para reclamos futuros.<\/p>\n\n\n\n<p>Si tiene preguntas o desea recibir m\u00e1s informaci\u00f3n acerca de su derecho a recibir el \u00abEstimado en buena fe\u00bb, revise el documento <a href=\"https:\/\/www.cms.gov\/files\/document\/nosurpriseactfactsheet-final-spanish-united-states.pdf\" target=\"_blank\" rel=\"noopener\" title=\"\">Sin sorpresas<\/a> del Centro de Servicios Medicare &#038; Medicaid. Si tiene alguna pregunta adicional, por favor env\u00edenos un correo electr\u00f3nico.<\/p>\n\n\n\n<div style=\"height:80px\" aria-hidden=\"true\" class=\"wp-block-spacer\"><\/div>\n\n\n\n<div class=\"wp-block-buttons is-content-justification-center is-layout-flex wp-container-core-buttons-is-layout-16018d1d wp-block-buttons-is-layout-flex\">\n<div class=\"wp-block-button has-custom-width wp-block-button__width-50\"><a class=\"wp-block-button__link has-white-color has-text-color has-background has-link-color wp-element-button\" href=\"mailto: &#x69;&#x6e;&#x66;&#x6f;&#x40;&#x74;&#x68;&#x65;&#x77;&#x61;&#x79;&#x70;&#x72;&#x65;&#x76;&#x65;&#x6e;&#x74;&#x69;&#x6f;&#x6e;&#x2e;&#x63;&#x6f;&#x6d;\" style=\"border-radius:20px;background:linear-gradient(135deg,rgb(0,101,159) 0%,rgb(140,198,63) 100%)\"><strong>Enviar correo electr\u00f3nico<\/strong><\/a><\/div>\n<\/div>","protected":false},"excerpt":{"rendered":"<p>Si usted es un cliente nuevo, por favor llene estos formularios de iniciaci\u00f3n antes de nuestra primera sesi\u00f3n. Tambi\u00e9n podr\u00e1 llenar estos formularios durante su primera visita a nuestros centros. Estimado en buena fe Usted tiene el derecho de recibir un \u00abEstimado en buena fe\u00bb explicando cu\u00e1nto le costar\u00e1 el tratamiento de salud mental. Bajo &hellip;<\/p>\n","protected":false},"author":1,"featured_media":0,"parent":0,"menu_order":0,"comment_status":"closed","ping_status":"closed","template":"","meta":{"_monsterinsights_skip_tracking":false,"_monsterinsights_sitenote_active":false,"_monsterinsights_sitenote_note":"","_monsterinsights_sitenote_category":0,"footnotes":""},"class_list":["post-31","page","type-page","status-publish","hentry","grid-sizer"],"aioseo_notices":[],"_links":{"self":[{"href":"https:\/\/thewayprevention.com\/es\/wp-json\/wp\/v2\/pages\/31","targetHints":{"allow":["GET"]}}],"collection":[{"href":"https:\/\/thewayprevention.com\/es\/wp-json\/wp\/v2\/pages"}],"about":[{"href":"https:\/\/thewayprevention.com\/es\/wp-json\/wp\/v2\/types\/page"}],"author":[{"embeddable":true,"href":"https:\/\/thewayprevention.com\/es\/wp-json\/wp\/v2\/users\/1"}],"replies":[{"embeddable":true,"href":"https:\/\/thewayprevention.com\/es\/wp-json\/wp\/v2\/comments?post=31"}],"version-history":[{"count":13,"href":"https:\/\/thewayprevention.com\/es\/wp-json\/wp\/v2\/pages\/31\/revisions"}],"predecessor-version":[{"id":136,"href":"https:\/\/thewayprevention.com\/es\/wp-json\/wp\/v2\/pages\/31\/revisions\/136"}],"wp:attachment":[{"href":"https:\/\/thewayprevention.com\/es\/wp-json\/wp\/v2\/media?parent=31"}],"curies":[{"name":"wp","href":"https:\/\/api.w.org\/{rel}","templated":true}]}}