{"id":29,"date":"2024-06-05T19:45:56","date_gmt":"2024-06-05T19:45:56","guid":{"rendered":"https:\/\/thewayprevention.com\/?page_id=29"},"modified":"2024-06-05T22:14:53","modified_gmt":"2024-06-05T22:14:53","slug":"request-appointment","status":"publish","type":"page","link":"https:\/\/thewayprevention.com\/es\/request-appointment\/","title":{"rendered":"Solicitar cita"},"content":{"rendered":"<p>Por favor complete el formulario a continuaci\u00f3n para solicitar una cita. Trataremos todo lo que est\u00e1 a nuestro alcance para acomodar una cita a su solicitud y le contactaremos a la brevedad posible.<\/p>\n\n\n\n<h2 class=\"wp-block-heading has-text-align-center\">Por favor no env\u00ede ninguna <em>Informaci\u00f3n de Salud Protegida<\/em><br>(PHI, por sus siglas en ingl\u00e9s)<\/h2>","protected":false},"excerpt":{"rendered":"<p>Por favor complete el formulario a continuaci\u00f3n para solicitar una cita. Trataremos todo lo que est\u00e1 a nuestro alcance para acomodar una cita a su solicitud y le contactaremos a la brevedad posible. Por favor no env\u00ede ninguna Informaci\u00f3n de Salud Protegida(PHI, por sus siglas en ingl\u00e9s)<\/p>\n","protected":false},"author":1,"featured_media":0,"parent":0,"menu_order":0,"comment_status":"closed","ping_status":"closed","template":"","meta":{"_monsterinsights_skip_tracking":false,"_monsterinsights_sitenote_active":false,"_monsterinsights_sitenote_note":"","_monsterinsights_sitenote_category":0,"footnotes":""},"class_list":["post-29","page","type-page","status-publish","hentry","grid-sizer"],"aioseo_notices":[],"_links":{"self":[{"href":"https:\/\/thewayprevention.com\/es\/wp-json\/wp\/v2\/pages\/29","targetHints":{"allow":["GET"]}}],"collection":[{"href":"https:\/\/thewayprevention.com\/es\/wp-json\/wp\/v2\/pages"}],"about":[{"href":"https:\/\/thewayprevention.com\/es\/wp-json\/wp\/v2\/types\/page"}],"author":[{"embeddable":true,"href":"https:\/\/thewayprevention.com\/es\/wp-json\/wp\/v2\/users\/1"}],"replies":[{"embeddable":true,"href":"https:\/\/thewayprevention.com\/es\/wp-json\/wp\/v2\/comments?post=29"}],"version-history":[{"count":6,"href":"https:\/\/thewayprevention.com\/es\/wp-json\/wp\/v2\/pages\/29\/revisions"}],"predecessor-version":[{"id":85,"href":"https:\/\/thewayprevention.com\/es\/wp-json\/wp\/v2\/pages\/29\/revisions\/85"}],"wp:attachment":[{"href":"https:\/\/thewayprevention.com\/es\/wp-json\/wp\/v2\/media?parent=29"}],"curies":[{"name":"wp","href":"https:\/\/api.w.org\/{rel}","templated":true}]}}