{"id":21,"date":"2024-06-05T19:43:14","date_gmt":"2024-06-05T19:43:14","guid":{"rendered":"https:\/\/thewayprevention.com\/?page_id=21"},"modified":"2024-08-09T22:59:03","modified_gmt":"2024-08-09T22:59:03","slug":"anger-management","status":"publish","type":"page","link":"https:\/\/thewayprevention.com\/es\/anger-management\/","title":{"rendered":"Manejo de la ira"},"content":{"rendered":"<p>Aprender t\u00e9cnicas de manejo de la ira es fundamental para mejorar las relaciones personales y laborales. La ira no gestionada puede llevar a conflictos y malentendidos que deterioran las conexiones con los dem\u00e1s, afectando negativamente tanto el ambiente familiar como el profesional. <\/p>\n\n\n\n<p>Al dominar estrategias efectivas para controlar la ira, las personas pueden responder a situaciones estresantes de manera m\u00e1s constructiva, promoviendo un di\u00e1logo abierto y respetuoso. Esto no solo ayuda a mantener relaciones saludables y productivas, sino que tambi\u00e9n crea un entorno m\u00e1s armonioso y cooperativo en todos los aspectos de la vida. Adem\u00e1s, mejorar la regulaci\u00f3n emocional puede conducir a una mayor satisfacci\u00f3n personal y \u00e9xito profesional, al reducir los niveles de estr\u00e9s y aumentar la capacidad para enfrentar desaf\u00edos de manera efectiva.<\/p>\n\n\n\n<p>\u00bfEst\u00e1 interesado o interesada en manejar su ira de forma efectiva? Ofrecemos un curso sobre el manejo de la ira de 26 semanas aprobado por la corte que le ayudar\u00e1 a alcanzar sus metas.<\/p>\n\n\n\n<div class=\"wp-block-buttons is-content-justification-center is-layout-flex wp-container-core-buttons-is-layout-16018d1d wp-block-buttons-is-layout-flex\">\n<div class=\"wp-block-button\"><a class=\"wp-block-button__link has-white-color has-text-color has-background has-link-color wp-element-button\" style=\"border-radius:20px;background:linear-gradient(135deg,rgb(0,101,159) 0%,rgb(140,198,63) 100%)\">PROGRAME SU CITA HOY<\/a><\/div>\n<\/div>\n\n\n\n<h2 class=\"wp-block-heading\">Cont\u00e1ctenos<\/h2>\n\n\n\n<p>\u00bfListo para dar el siguiente paso?&nbsp;<a href=\"https:\/\/thewayprevention.com\/request-appointment\/\">Programe una cita<\/a>&nbsp;o&nbsp;<a href=\"https:\/\/thewayprevention.com\/contact\/\">cont\u00e1ctenos<\/a>&nbsp;hoy para aprender m\u00e1s sobre nuestros servicios y c\u00f3mo podemos ayudarle a usted o a sus seres queridos en el camino hacia la recuperaci\u00f3n y el empoderamiento.<\/p>","protected":false},"excerpt":{"rendered":"<p>\u00bfEst\u00e1 interesado o interesada en manejar su ira de forma efectiva? Ofrecemos un curso sobre el manejo de la ira de 26 semanas aprobado por la corte que le ayudar\u00e1 a alcanzar sus metas.<\/p>\n","protected":false},"author":1,"featured_media":425,"parent":0,"menu_order":0,"comment_status":"closed","ping_status":"closed","template":"","meta":{"_monsterinsights_skip_tracking":false,"_monsterinsights_sitenote_active":false,"_monsterinsights_sitenote_note":"","_monsterinsights_sitenote_category":0,"footnotes":""},"class_list":["post-21","page","type-page","status-publish","has-post-thumbnail","hentry","grid-sizer"],"aioseo_notices":[],"_links":{"self":[{"href":"https:\/\/thewayprevention.com\/es\/wp-json\/wp\/v2\/pages\/21","targetHints":{"allow":["GET"]}}],"collection":[{"href":"https:\/\/thewayprevention.com\/es\/wp-json\/wp\/v2\/pages"}],"about":[{"href":"https:\/\/thewayprevention.com\/es\/wp-json\/wp\/v2\/types\/page"}],"author":[{"embeddable":true,"href":"https:\/\/thewayprevention.com\/es\/wp-json\/wp\/v2\/users\/1"}],"replies":[{"embeddable":true,"href":"https:\/\/thewayprevention.com\/es\/wp-json\/wp\/v2\/comments?post=21"}],"version-history":[{"count":8,"href":"https:\/\/thewayprevention.com\/es\/wp-json\/wp\/v2\/pages\/21\/revisions"}],"predecessor-version":[{"id":442,"href":"https:\/\/thewayprevention.com\/es\/wp-json\/wp\/v2\/pages\/21\/revisions\/442"}],"wp:featuredmedia":[{"embeddable":true,"href":"https:\/\/thewayprevention.com\/es\/wp-json\/wp\/v2\/media\/425"}],"wp:attachment":[{"href":"https:\/\/thewayprevention.com\/es\/wp-json\/wp\/v2\/media?parent=21"}],"curies":[{"name":"wp","href":"https:\/\/api.w.org\/{rel}","templated":true}]}}