{"id":2,"date":"2024-06-04T22:22:15","date_gmt":"2024-06-04T22:22:15","guid":{"rendered":"https:\/\/thewayprevention.com\/?page_id=2"},"modified":"2024-08-07T00:27:20","modified_gmt":"2024-08-07T00:27:20","slug":"about","status":"publish","type":"page","link":"https:\/\/thewayprevention.com\/es\/about\/","title":{"rendered":"Acerca de"},"content":{"rendered":"<p class=\"has-text-align-center\"><strong>ESTAMOS COMPROMETIDOS A PROPORCIONAR ASESORAMIENTO Y APOYO EN SALUD CONDUCTUAL A BAJO COSTO Y ASEQUIBLE PARA LOS MIEMBROS DE LA COMUNIDAD<\/strong><\/p>\n\n\n\n<p><strong><em>The Way Prevention and Treatment \u2013 Clinical Counseling Center<\/em> ofrece servicios de asesoramiento asequible para la comunidad del Valle de San Fernando. Nuestros dedicados internos y paraprofesionales brindan tratamiento en un ambiente c\u00e1lido y acogedor.<\/strong><\/p>\n\n\n\n<p class=\"has-text-align-center\"><strong>Ofrecemos opciones en persona y por telemedicina<\/strong><\/p>\n\n\n\n<h2 class=\"wp-block-heading\">Fundadores<\/h2>\n\n\n\n<p>Conoce a nuestros fundadores y administradores altamente calificados.<\/p>\n\n\n\n<div class=\"wp-block-media-text is-stacked-on-mobile\" style=\"grid-template-columns:30% auto\"><figure class=\"wp-block-media-text__media\"><img loading=\"lazy\" decoding=\"async\" width=\"400\" height=\"400\" src=\"https:\/\/thewayprevention.com\/wp-content\/uploads\/2024\/08\/thewayprevention-profile-ana-chavez.png\" alt=\"The Way Prevention: Profiles, Ana Chavez-Mancillas\" class=\"wp-image-393 size-full\" srcset=\"https:\/\/thewayprevention.com\/wp-content\/uploads\/2024\/08\/thewayprevention-profile-ana-chavez.png 400w, https:\/\/thewayprevention.com\/wp-content\/uploads\/2024\/08\/thewayprevention-profile-ana-chavez-300x300.png 300w, https:\/\/thewayprevention.com\/wp-content\/uploads\/2024\/08\/thewayprevention-profile-ana-chavez-150x150.png 150w\" sizes=\"auto, (max-width: 400px) 100vw, 400px\" \/><\/figure><div class=\"wp-block-media-text__content\">\n<h3 class=\"wp-block-heading\">Ana L. Chavez-Mancillas, DSW, MSW<\/h3>\n\n\n\n<p>La Dra. Ch\u00e1vez-Mancillas obtuvo su doctorado de la Universidad del Sur de California. Cuenta con m\u00e1s de 20 a\u00f1os de experiencia proporcionando servicios de salud mental y abuso de sustancias biling\u00fces y biculturales a ni\u00f1os y familias. A lo largo de los a\u00f1os, ha desempe\u00f1ado diversos roles, incluyendo consejera\/especialista en abuso de sustancias, administradora de casos, terapeuta, coordinadora de programas, supervisora de equipo y Directora de Programa.<\/p>\n<\/div><\/div>\n\n\n\n<div style=\"height:35px\" aria-hidden=\"true\" class=\"wp-block-spacer\"><\/div>\n\n\n\n<p>La Dra. Ch\u00e1vez-Mancillas tiene m\u00e1s de 10 a\u00f1os de experiencia supervisando y gestionando equipos, es una l\u00edder colaborativa con experiencia en salud mental, abuso de sustancias y gesti\u00f3n de equipos. Posee una Certificaci\u00f3n y un AS en Consejer\u00eda sobre Abuso de Sustancias y Alcohol otorgado por el Colegio Mount San Antonio. Es graduada Fellow de 2021 del Programa Nacional de Liderazgo Ejecutivo y Fellowship Hispano y Latino. Lleg\u00f3 a Estados Unidos en 1985 desde Guatemala sin hablar una palabra de ingl\u00e9s y ha vivido en California desde entonces. Tiene m\u00e1s de 24 a\u00f1os en recuperaci\u00f3n y se esfuerza por ayudar a otros no solo con problemas de abuso de sustancias, sino tambi\u00e9n con otros problemas de salud mental, ya que comprende completamente que estos problemas, m\u00e1s veces que no, van de la mano.<\/p>\n\n\n\n<div class=\"wp-block-media-text has-media-on-the-right is-stacked-on-mobile\" style=\"grid-template-columns:auto 30%\"><div class=\"wp-block-media-text__content\">\n<h3 class=\"wp-block-heading\">H\u00e9ctor Mancillas, M. Div.<\/h3>\n\n\n\n<p>H\u00e9ctor Mancillas, M.Div., es un pastor ordenado, educador y l\u00edder espiritual con m\u00e1s de 25 a\u00f1os de experiencia. Destaca en educaci\u00f3n, trabajo misionero, ministerio parroquial y cuidado pastoral, ofreciendo orientaci\u00f3n en consejer\u00eda para el camino espiritual, consejer\u00eda prematrimonial, resoluci\u00f3n de conflictos y m\u00e1s. H\u00e9ctor domina el espa\u00f1ol y tiene una pasi\u00f3n por el alcance misionero y el compromiso comunitario<\/p>\n<\/div><figure class=\"wp-block-media-text__media\"><img loading=\"lazy\" decoding=\"async\" width=\"400\" height=\"400\" src=\"https:\/\/thewayprevention.com\/wp-content\/uploads\/2024\/08\/thewayprevention-profile-hector-mancillas.png\" alt=\"The Way Prevention: Profiles, Hector Mancillas\" class=\"wp-image-392 size-full\" srcset=\"https:\/\/thewayprevention.com\/wp-content\/uploads\/2024\/08\/thewayprevention-profile-hector-mancillas.png 400w, https:\/\/thewayprevention.com\/wp-content\/uploads\/2024\/08\/thewayprevention-profile-hector-mancillas-300x300.png 300w, https:\/\/thewayprevention.com\/wp-content\/uploads\/2024\/08\/thewayprevention-profile-hector-mancillas-150x150.png 150w\" sizes=\"auto, (max-width: 400px) 100vw, 400px\" \/><\/figure><\/div>\n\n\n\n<div style=\"height:35px\" aria-hidden=\"true\" class=\"wp-block-spacer\"><\/div>\n\n\n\n<p>Posee un t\u00edtulo de Maestr\u00eda en Divinidad del Seminario Teol\u00f3gico Fuller y actualmente sirve como capell\u00e1n de hospicio. Anteriormente ha servido como pastor principal, copastor, pastor asociado y trabajador de salud mental. Su amplio historial incluye la ense\u00f1anza en seminarios teol\u00f3gicos y certificaciones en consejer\u00eda y programas de desarrollo comunitario.<\/p>\n\n\n\n<div style=\"height:50px\" aria-hidden=\"true\" class=\"wp-block-spacer\"><\/div>\n\n\n\n<h2 class=\"wp-block-heading\"><strong>Objetivos<\/strong><\/h2>\n\n\n\n<p>Al adherirse a estos objetivos, <em>The Way Prevention and Treatment \u2013 Clinical Counseling Center<\/em> tiene como objetivo crear una comunidad informada y solidaria dedicada a poner fin a la violencia dom\u00e9stica y a fomentar un entorno donde todos los individuos puedan vivir sin miedo al abuso.<\/p>\n\n\n\n<figure class=\"wp-block-table is-style-stripes\"><table><tbody><tr><td><img decoding=\"async\" style=\"width: 150px;\" src=\"https:\/\/thewayprevention.com\/wp-content\/uploads\/2024\/08\/thewayprevention-icon_comm.png\">  <\/td><td class=\"has-text-align-center\" data-align=\"center\"><strong>Educaci\u00f3n y Alcance de Prevenci\u00f3n<\/strong><\/td><td>Desarrollar e implementar programas educativos en la comunidad para crear conciencia sobre la violencia dom\u00e9stica y promover relaciones saludables.<\/td><\/tr><tr><td><img decoding=\"async\" style=\"width: 150px;\" src=\"https:\/\/thewayprevention.com\/wp-content\/uploads\/2024\/08\/thewayprevention-icon_person.png\">   <\/td><td class=\"has-text-align-center\" data-align=\"center\"><strong>Servicios de Tratamiento Integral<\/strong><\/td><td>Ofrecer una variedad de servicios terap\u00e9uticos, incluyendo asesoramiento individual, grupos de apoyo y atenci\u00f3n informada sobre el trauma para sobrevivientes y perpetradores de violencia dom\u00e9stica.<br><br>Proporcionar programas especializados para ni\u00f1os y adolescentes que han sido testigos o han experimentado violencia dom\u00e9stica.<\/td><\/tr><tr><td><img decoding=\"async\" style=\"width: 150px;\" src=\"https:\/\/thewayprevention.com\/wp-content\/uploads\/2024\/08\/thewayprevention-icon_mind.png\">    <\/td><td class=\"has-text-align-center\" data-align=\"center\"><strong>Compromiso y Defensa Comunitaria<\/strong><\/td><td>Fomentar una red de apoyo colaborando con otras agencias, proveedores de servicios y organizaciones comunitarias.<\/td><\/tr><tr><td><img decoding=\"async\" style=\"width: 150px;\" src=\"https:\/\/thewayprevention.com\/wp-content\/uploads\/2024\/08\/thewayprevention-icon_spirit.png\">   <\/td><td class=\"has-text-align-center\" data-align=\"center\"><strong>Mejora Continua<\/strong><\/td><td>Identificar mejores pr\u00e1cticas en la prevenci\u00f3n y tratamiento de la violencia dom\u00e9stica.<br><br>Evaluar y mejorar continuamente nuestros programas bas\u00e1ndonos en la retroalimentaci\u00f3n de los sobrevivientes y en pr\u00e1cticas basadas en la evidencia.<br><br>Mantenerse al tanto de las tendencias y problemas emergentes en el campo de la violencia dom\u00e9stica para asegurar que nuestros servicios sigan siendo relevantes y efectivos.<\/td><\/tr><\/tbody><\/table><\/figure>\n\n\n\n<div style=\"height:60px\" aria-hidden=\"true\" class=\"wp-block-spacer\"><\/div>\n\n\n\n<div class=\"wp-block-buttons is-content-justification-center is-layout-flex wp-container-core-buttons-is-layout-16018d1d wp-block-buttons-is-layout-flex\">\n<div class=\"wp-block-button\"><a class=\"wp-block-button__link has-white-color has-text-color has-background has-link-color has-text-align-center wp-element-button\" href=\"https:\/\/thewayprevention.com\/es\/services\/\" style=\"border-radius:15px;background:linear-gradient(135deg,rgb(0,101,159) 0%,rgb(140,198,63) 100%)\">CONOZCA NUESTROS SERVICIOS<\/a><\/div>\n<\/div>\n\n\n\n<div style=\"height:60px\" aria-hidden=\"true\" class=\"wp-block-spacer\"><\/div>\n\n\n\n<h2 class=\"wp-block-heading\"><strong>Invol\u00facrese<\/strong><\/h2>\n\n\n\n<p>\u00danase a nosotros en nuestra misi\u00f3n de crear una comunidad informada y solidaria dedicada a poner fin a la violencia dom\u00e9stica. Ya sea que necesite apoyo o quiera contribuir a nuestra causa, <em>The Way Prevention and Treatment \u2013 Clinical Counseling Center<\/em> est\u00e1 aqu\u00ed para usted.<\/p>\n\n\n\n<h2 class=\"wp-block-heading\"><strong>Cont\u00e1ctenos<\/strong><\/h2>\n\n\n\n<p>\u00bfListo para dar el siguiente paso? <a href=\"https:\/\/thewayprevention.com\/es\/contact\/\" title=\"Contacto\">Cont\u00e1ctenos<\/a> hoy para aprender m\u00e1s sobre nuestros servicios y c\u00f3mo podr\u00edamos ayudarle a usted o a sus seres queridos en el camino hacia la recuperaci\u00f3n y el empoderamiento.<\/p>\n\n\n\n<div style=\"height:60px\" aria-hidden=\"true\" class=\"wp-block-spacer\"><\/div>","protected":false},"excerpt":{"rendered":"<p>Asesoramiento y apoyo en salud conductual asequible en el Valle de San Fernando. Atenci\u00f3n compasiva, prevenci\u00f3n y tratamiento para sobrevivientes de violencia dom\u00e9stica. Cont\u00e1ctanos.<\/p>\n","protected":false},"author":1,"featured_media":225,"parent":0,"menu_order":0,"comment_status":"closed","ping_status":"closed","template":"","meta":{"_monsterinsights_skip_tracking":false,"_monsterinsights_sitenote_active":false,"_monsterinsights_sitenote_note":"","_monsterinsights_sitenote_category":0,"footnotes":""},"class_list":["post-2","page","type-page","status-publish","has-post-thumbnail","hentry","grid-sizer"],"aioseo_notices":[],"_links":{"self":[{"href":"https:\/\/thewayprevention.com\/es\/wp-json\/wp\/v2\/pages\/2","targetHints":{"allow":["GET"]}}],"collection":[{"href":"https:\/\/thewayprevention.com\/es\/wp-json\/wp\/v2\/pages"}],"about":[{"href":"https:\/\/thewayprevention.com\/es\/wp-json\/wp\/v2\/types\/page"}],"author":[{"embeddable":true,"href":"https:\/\/thewayprevention.com\/es\/wp-json\/wp\/v2\/users\/1"}],"replies":[{"embeddable":true,"href":"https:\/\/thewayprevention.com\/es\/wp-json\/wp\/v2\/comments?post=2"}],"version-history":[{"count":21,"href":"https:\/\/thewayprevention.com\/es\/wp-json\/wp\/v2\/pages\/2\/revisions"}],"predecessor-version":[{"id":410,"href":"https:\/\/thewayprevention.com\/es\/wp-json\/wp\/v2\/pages\/2\/revisions\/410"}],"wp:featuredmedia":[{"embeddable":true,"href":"https:\/\/thewayprevention.com\/es\/wp-json\/wp\/v2\/media\/225"}],"wp:attachment":[{"href":"https:\/\/thewayprevention.com\/es\/wp-json\/wp\/v2\/media?parent=2"}],"curies":[{"name":"wp","href":"https:\/\/api.w.org\/{rel}","templated":true}]}}